{"id":6,"date":"2021-07-11T04:29:43","date_gmt":"2021-07-11T04:29:43","guid":{"rendered":"https:\/\/tuyetky.com\/79\/?page_id=6"},"modified":"2023-08-09T00:13:37","modified_gmt":"2023-08-09T00:13:37","slug":"gioi-thieu","status":"publish","type":"page","link":"https:\/\/tuyetky.com\/79\/gioi-thieu\/","title":{"rendered":"Gi\u1edbi thi\u1ec7u"},"content":{"rendered":"<div class=\"fcbkbttn_buttons_block\" id=\"fcbkbttn_left\"><div class=\"fcbkbttn_button\">\n                            <a href=\"https:\/\/www.facebook.com\/vuive69\" target=\"_blank\">\n                                <img src=\"https:\/\/tuyetky.com\/79\/wp-content\/plugins\/facebook-button-plugin\/images\/standard-facebook-ico.png\" alt=\"Fb-Button\" \/>\n                            <\/a>\n                        <\/div><div class=\"fcbkbttn_like \"><fb:like href=\"https:\/\/tuyetky.com\/79\/gioi-thieu\/\" action=\"like\" colorscheme=\"light\" layout=\"standard\"  width=\"225px\" size=\"small\"><\/fb:like><\/div><div class=\"fb-share-button  \" data-href=\"https:\/\/tuyetky.com\/79\/gioi-thieu\/\" data-type=\"button_count\" data-size=\"small\"><\/div><\/div>\n<p class=\"has-medium-font-size\"><strong><mark style=\"background-color:rgba(0, 0, 0, 0)\" class=\"has-inline-color has-vivid-purple-color\">S\u1ed0NG \u0110\u01a0N GI\u1ea2N CHO \u0110\u1edcI THANH TH\u1ea2N<\/mark><\/strong> l\u00e0 m\u1ed9t vi\u1ec7c r\u1ea5t kh\u00f3 hi\u1ebfm ng\u01b0\u1eddi c\u00f3 th\u1ec3 l\u00e0m \u0111\u01b0\u1ee3c.<\/p>\n\n\n\n<p class=\"has-medium-font-size\">\u0110\u1ea5y, b\u1ea1n h\u00e3y nh\u1edb l\u1ea1i khi th\u1ea7y c\u00f4 gi\u00e1o ra nh\u1eefng \u0111\u1ec1 to\u00e1n kh\u00f3, ch\u1ec9 c\u00f3 m\u1ea5y \u0111\u1ee9a th\u00f4ng minh m\u1edbi c\u00f3 th\u1ec3 gi\u1ea3i m\u1ed9t c\u00e1ch \u0111\u01a1n gi\u1ea3n v\u00e0 nhanh th\u00f4i.<\/p>\n\n\n\n<p class=\"has-medium-font-size\">CU\u1ed8C \u0110\u1edcI l\u00e0 m\u1ed9t b\u00e0i to\u00e1n ph\u1ee9c t\u1ea1p d\u00e0i h\u00e0ng ch\u1ee5c n\u0103m, th\u1eadm tr\u00ed c\u1ea3 tr\u0103m n\u0103m, b\u1ea1n \u0111\u00e3 \u0111\u1ee7 th\u00f4ng minh \u0111\u1ec3 gi\u1ea3i n\u00f3 \u0111\u01a1n gi\u1ea3n ch\u0103ng.<\/p>\n\n\n\n<p class=\"has-medium-font-size\">D\u00f9 th\u1ebf n\u00e0o, ch\u00fang t\u00f4i <strong><mark style=\"background-color:rgba(0, 0, 0, 0)\" class=\"has-inline-color has-vivid-purple-color\">TuyetKy.com<\/mark><\/strong> c\u0169ng mong mu\u1ed1n v\u00e0 c\u1ea7u ch\u00fac b\u1ea1n lu\u00f4n <strong><mark style=\"background-color:rgba(0, 0, 0, 0)\" class=\"has-inline-color has-vivid-purple-color\">S\u1ed0NG VUI KH\u1eceE<\/mark><\/strong>!<\/p>\n\n\n\n<figure class=\"wp-block-image size-large\"><img decoding=\"async\" loading=\"lazy\" width=\"1024\" height=\"1024\" src=\"https:\/\/tuyetky.com\/79\/wp-content\/uploads\/2021\/07\/logo-1024x1024.jpg\" alt=\"TuyetKy.com\" class=\"wp-image-38\" srcset=\"https:\/\/tuyetky.com\/79\/wp-content\/uploads\/2021\/07\/logo-1024x1024.jpg 1024w, https:\/\/tuyetky.com\/79\/wp-content\/uploads\/2021\/07\/logo-300x300.jpg 300w, https:\/\/tuyetky.com\/79\/wp-content\/uploads\/2021\/07\/logo-150x150.jpg 150w, https:\/\/tuyetky.com\/79\/wp-content\/uploads\/2021\/07\/logo-768x768.jpg 768w, https:\/\/tuyetky.com\/79\/wp-content\/uploads\/2021\/07\/logo.jpg 1124w\" sizes=\"(max-width: 1024px) 100vw, 1024px\" \/><\/figure>\n<div class=\"fcbkbttn_buttons_block\" id=\"fcbkbttn_left\"><div class=\"fcbkbttn_button\">\n                            <a href=\"https:\/\/www.facebook.com\/vuive69\" target=\"_blank\">\n                                <img src=\"https:\/\/tuyetky.com\/79\/wp-content\/plugins\/facebook-button-plugin\/images\/standard-facebook-ico.png\" alt=\"Fb-Button\" \/>\n                            <\/a>\n                        <\/div><div class=\"fcbkbttn_like \"><fb:like href=\"https:\/\/tuyetky.com\/79\/gioi-thieu\/\" action=\"like\" colorscheme=\"light\" layout=\"standard\"  width=\"225px\" size=\"small\"><\/fb:like><\/div><div class=\"fb-share-button  \" data-href=\"https:\/\/tuyetky.com\/79\/gioi-thieu\/\" data-type=\"button_count\" data-size=\"small\"><\/div><\/div>","protected":false},"excerpt":{"rendered":"<p>S\u1ed0NG \u0110\u01a0N GI\u1ea2N CHO \u0110\u1edcI THANH TH\u1ea2N l\u00e0 m\u1ed9t vi\u1ec7c r\u1ea5t kh\u00f3 hi\u1ebfm ng\u01b0\u1eddi c\u00f3 th\u1ec3 l\u00e0m \u0111\u01b0\u1ee3c. \u0110\u1ea5y, b\u1ea1n h\u00e3y nh\u1edb l\u1ea1i khi th\u1ea7y c\u00f4 gi\u00e1o ra nh\u1eefng \u0111\u1ec1 to\u00e1n kh\u00f3, ch\u1ec9 c\u00f3 m\u1ea5y \u0111\u1ee9a th\u00f4ng minh m\u1edbi c\u00f3 th\u1ec3 gi\u1ea3i m\u1ed9t c\u00e1ch \u0111\u01a1n gi\u1ea3n v\u00e0 nhanh th\u00f4i. CU\u1ed8C \u0110\u1edcI l\u00e0 m\u1ed9t b\u00e0i to\u00e1n&#46;&#46;&#46;<\/p>\n","protected":false},"author":1,"featured_media":11,"parent":0,"menu_order":0,"comment_status":"closed","ping_status":"closed","template":"","meta":[],"_links":{"self":[{"href":"https:\/\/tuyetky.com\/79\/wp-json\/wp\/v2\/pages\/6"}],"collection":[{"href":"https:\/\/tuyetky.com\/79\/wp-json\/wp\/v2\/pages"}],"about":[{"href":"https:\/\/tuyetky.com\/79\/wp-json\/wp\/v2\/types\/page"}],"author":[{"embeddable":true,"href":"https:\/\/tuyetky.com\/79\/wp-json\/wp\/v2\/users\/1"}],"replies":[{"embeddable":true,"href":"https:\/\/tuyetky.com\/79\/wp-json\/wp\/v2\/comments?post=6"}],"version-history":[{"count":4,"href":"https:\/\/tuyetky.com\/79\/wp-json\/wp\/v2\/pages\/6\/revisions"}],"predecessor-version":[{"id":2124,"href":"https:\/\/tuyetky.com\/79\/wp-json\/wp\/v2\/pages\/6\/revisions\/2124"}],"wp:featuredmedia":[{"embeddable":true,"href":"https:\/\/tuyetky.com\/79\/wp-json\/wp\/v2\/media\/11"}],"wp:attachment":[{"href":"https:\/\/tuyetky.com\/79\/wp-json\/wp\/v2\/media?parent=6"}],"curies":[{"name":"wp","href":"https:\/\/api.w.org\/{rel}","templated":true}]}}