{"id":7,"date":"2021-07-11T04:29:43","date_gmt":"2021-07-11T04:29:43","guid":{"rendered":"https:\/\/tuyetky.com\/79\/?page_id=7"},"modified":"2021-07-11T11:01:53","modified_gmt":"2021-07-11T11:01:53","slug":"lien-he","status":"publish","type":"page","link":"https:\/\/tuyetky.com\/79\/lien-he\/","title":{"rendered":"Li\u00ean h\u1ec7"},"content":{"rendered":"<div class=\"fcbkbttn_buttons_block\" id=\"fcbkbttn_left\"><div class=\"fcbkbttn_button\">\n                            <a href=\"https:\/\/www.facebook.com\/vuive69\" target=\"_blank\">\n                                <img src=\"https:\/\/tuyetky.com\/79\/wp-content\/plugins\/facebook-button-plugin\/images\/standard-facebook-ico.png\" alt=\"Fb-Button\" \/>\n                            <\/a>\n                        <\/div><div class=\"fcbkbttn_like \"><fb:like href=\"https:\/\/tuyetky.com\/79\/lien-he\/\" action=\"like\" colorscheme=\"light\" layout=\"standard\"  width=\"225px\" size=\"small\"><\/fb:like><\/div><div class=\"fb-share-button  \" data-href=\"https:\/\/tuyetky.com\/79\/lien-he\/\" data-type=\"button_count\" data-size=\"small\"><\/div><\/div>\n<p>Trang n\u00e0y c\u00f3 c\u00e1c th\u00f4ng tin li\u00ean l\u1ea1c, v\u00ed d\u1ee5 nh\u01b0 \u0111\u1ecba ch\u1ec9 v\u00e0 \u0111i\u1ec7n tho\u1ea1i. <\/p>\n\n\n\n<p>\u0110\u00e2y nh\u00e9, s\u1ed1 \u0111i\u1ec7n tho\u1ea1i 08.39.59.79.39<\/p>\n<div class=\"fcbkbttn_buttons_block\" id=\"fcbkbttn_left\"><div class=\"fcbkbttn_button\">\n                            <a href=\"https:\/\/www.facebook.com\/vuive69\" target=\"_blank\">\n                                <img src=\"https:\/\/tuyetky.com\/79\/wp-content\/plugins\/facebook-button-plugin\/images\/standard-facebook-ico.png\" alt=\"Fb-Button\" \/>\n                            <\/a>\n                        <\/div><div class=\"fcbkbttn_like \"><fb:like href=\"https:\/\/tuyetky.com\/79\/lien-he\/\" action=\"like\" colorscheme=\"light\" layout=\"standard\"  width=\"225px\" size=\"small\"><\/fb:like><\/div><div class=\"fb-share-button  \" data-href=\"https:\/\/tuyetky.com\/79\/lien-he\/\" data-type=\"button_count\" data-size=\"small\"><\/div><\/div>","protected":false},"excerpt":{"rendered":"<p>Trang n\u00e0y c\u00f3 c\u00e1c th\u00f4ng tin li\u00ean l\u1ea1c, v\u00ed d\u1ee5 nh\u01b0 \u0111\u1ecba ch\u1ec9 v\u00e0 \u0111i\u1ec7n tho\u1ea1i. \u0110\u00e2y nh\u00e9, s\u1ed1 \u0111i\u1ec7n tho\u1ea1i 08.39.59.79.39<\/p>\n","protected":false},"author":1,"featured_media":0,"parent":0,"menu_order":0,"comment_status":"closed","ping_status":"closed","template":"","meta":[],"_links":{"self":[{"href":"https:\/\/tuyetky.com\/79\/wp-json\/wp\/v2\/pages\/7"}],"collection":[{"href":"https:\/\/tuyetky.com\/79\/wp-json\/wp\/v2\/pages"}],"about":[{"href":"https:\/\/tuyetky.com\/79\/wp-json\/wp\/v2\/types\/page"}],"author":[{"embeddable":true,"href":"https:\/\/tuyetky.com\/79\/wp-json\/wp\/v2\/users\/1"}],"replies":[{"embeddable":true,"href":"https:\/\/tuyetky.com\/79\/wp-json\/wp\/v2\/comments?post=7"}],"version-history":[{"count":2,"href":"https:\/\/tuyetky.com\/79\/wp-json\/wp\/v2\/pages\/7\/revisions"}],"predecessor-version":[{"id":83,"href":"https:\/\/tuyetky.com\/79\/wp-json\/wp\/v2\/pages\/7\/revisions\/83"}],"wp:attachment":[{"href":"https:\/\/tuyetky.com\/79\/wp-json\/wp\/v2\/media?parent=7"}],"curies":[{"name":"wp","href":"https:\/\/api.w.org\/{rel}","templated":true}]}}